{"id":15880,"date":"2026-05-13T13:30:11","date_gmt":"2026-05-13T13:30:11","guid":{"rendered":"https:\/\/safeyangstore.com\/product\/lirin-yang\/"},"modified":"2026-05-13T13:30:11","modified_gmt":"2026-05-13T13:30:11","slug":"lirin-yang","status":"publish","type":"product","link":"https:\/\/safeyangstore.com\/pt-pt\/product\/lirin-yang\/","title":{"rendered":"Lirin Yang"},"content":{"rendered":"<p class=\"font-claude-response-body break-words whitespace-normal leading-[1.7]\">Lirin se tornou um dos servidores privados mais interessantes da comunidade Metin2 Lirin \u2014 recursos personalizados, uma equipe de desenvolvimento ativa e uma economia que recompensa jogadores que prestam aten\u00e7\u00e3o \u00e0s mudan\u00e7as do mercado. A demanda por Yang aqui muda com as esta\u00e7\u00f5es, os eventos e a estrat\u00e9gia coletiva da base de jogadores. <\/p>\n<p class=\"font-claude-response-body break-words whitespace-normal leading-[1.7]\">A SafeYangStore fornece Lirin Metin 2 Yang sob demanda. Fa\u00e7a o pedido pelo site, pague via Stripe, envie uma mensagem para n\u00f3s no WhatsApp ou Discord, e entregaremos atrav\u00e9s de troca segura no jogo ou marketplace. A maioria dos pedidos \u00e9 conclu\u00edda em poucos minutos.  <\/p>\n<p class=\"font-claude-response-body break-words whitespace-normal leading-[1.7]\">Os pre\u00e7os do Metin2 Lirin Yang s\u00e3o revisados diariamente para acompanhar a economia do servidor. O estoque \u00e9 mantido. O suporte funciona 24\/7 com pessoas reais respondendo.  <\/p>\n<p class=\"font-claude-response-body break-words whitespace-normal leading-[1.7]\"><strong>FAQ<\/strong><\/p>\n<p class=\"font-claude-response-body break-words whitespace-normal leading-[1.7]\"><strong>Qu\u00e3o r\u00e1pida \u00e9 a entrega de Lirin Metin 2 Yang?<\/strong> A maioria dos pedidos \u00e9 conclu\u00edda em poucos minutos. Mantemos estoque ativo especificamente para Lirin. <\/p>\n<p class=\"font-claude-response-body break-words whitespace-normal leading-[1.7]\"><strong>O Metin2 Lirin \u00e9 um servidor pr\u00f3prio ou faz parte de outro?<\/strong> Lirin \u00e9 seu pr\u00f3prio servidor privado com sua pr\u00f3pria economia. O Yang n\u00e3o \u00e9 transferido de ou para outros servidores. <\/p>\n<p class=\"font-claude-response-body break-words whitespace-normal leading-[1.7]\"><strong>Como o Yang \u00e9 entregue?<\/strong> Atrav\u00e9s de troca segura dentro do jogo ou marketplace, coordenada pelo WhatsApp ou Discord ap\u00f3s a confirma\u00e7\u00e3o do pagamento.<\/p>\n<p class=\"font-claude-response-body break-words whitespace-normal leading-[1.7]\"><strong>A economia de Lirin muda com novas atualiza\u00e7\u00f5es?<\/strong> Sim \u2014 servidores personalizados como Lirin frequentemente adicionam novos recursos, o que afeta a demanda por Yang. Ajustamos os pre\u00e7os para corresponder \u00e0s condi\u00e7\u00f5es atuais. <\/p>\n<p class=\"font-claude-response-body break-words whitespace-normal leading-[1.7]\"><strong>Posso encomendar Metin2 Lirin Yang durante um evento do servidor?<\/strong> Sim, embora grandes eventos \u00e0s vezes aumentem a demanda. Avisaremos voc\u00ea antecipadamente caso haja qualquer mudan\u00e7a de estoque ou pre\u00e7o antes de processarmos seu pedido. <\/p>\n","protected":false},"excerpt":{"rendered":"<p>Lirin se tornou um dos servidores privados mais interessantes da comunidade Metin2 Lirin \u2014 recursos personalizados, uma equipe de desenvolvimento ativa e uma economia que recompensa jogadores que prestam aten\u00e7\u00e3o \u00e0s mudan\u00e7as do mercado. A demanda por Yang aqui muda com as esta\u00e7\u00f5es, os eventos e a estrat\u00e9gia coletiva da base de jogadores. A SafeYangStore&#8230;<\/p>\n","protected":false},"featured_media":15803,"comment_status":"open","ping_status":"closed","template":"","meta":{"_kad_blocks_custom_css":"","_kad_blocks_head_custom_js":"","_kad_blocks_body_custom_js":"","_kad_blocks_footer_custom_js":"","_kadence_starter_templates_imported_post":false,"_kad_post_transparent":"","_kad_post_title":"","_kad_post_layout":"","_kad_post_sidebar_id":"","_kad_post_content_style":"","_kad_post_vertical_padding":"","_kad_post_feature":"","_kad_post_feature_position":"","_kad_post_header":false,"_kad_post_footer":false},"product_brand":[],"product_cat":[620],"product_tag":[621,623,622],"class_list":{"0":"post-15880","1":"product","2":"type-product","3":"status-publish","4":"has-post-thumbnail","6":"product_cat-servidores-privados","7":"product_tag-comprar-lirin-yang","8":"product_tag-lirin2-yang","9":"product_tag-metin2-lirin-yang","11":"first","12":"instock","13":"shipping-taxable","14":"purchasable","15":"product-type-simple","16":"entry","17":"content-bg","18":"loop-entry"},"taxonomy_info":{"product_cat":[{"value":620,"label":"SERVIDORES PRIVADOS"}],"product_tag":[{"value":621,"label":"comprar lirin yang"},{"value":623,"label":"lirin2 yang"},{"value":622,"label":"metin2 lirin yang"}]},"featured_image_src_large":["https:\/\/safeyangstore.com\/wp-content\/uploads\/2026\/05\/Lirin.png",600,367,false],"author_info":[],"comment_info":0,"_links":{"self":[{"href":"https:\/\/safeyangstore.com\/pt-pt\/wp-json\/wp\/v2\/product\/15880","targetHints":{"allow":["GET"]}}],"collection":[{"href":"https:\/\/safeyangstore.com\/pt-pt\/wp-json\/wp\/v2\/product"}],"about":[{"href":"https:\/\/safeyangstore.com\/pt-pt\/wp-json\/wp\/v2\/types\/product"}],"replies":[{"embeddable":true,"href":"https:\/\/safeyangstore.com\/pt-pt\/wp-json\/wp\/v2\/comments?post=15880"}],"wp:featuredmedia":[{"embeddable":true,"href":"https:\/\/safeyangstore.com\/pt-pt\/wp-json\/wp\/v2\/media\/15803"}],"wp:attachment":[{"href":"https:\/\/safeyangstore.com\/pt-pt\/wp-json\/wp\/v2\/media?parent=15880"}],"wp:term":[{"taxonomy":"product_brand","embeddable":true,"href":"https:\/\/safeyangstore.com\/pt-pt\/wp-json\/wp\/v2\/product_brand?post=15880"},{"taxonomy":"product_cat","embeddable":true,"href":"https:\/\/safeyangstore.com\/pt-pt\/wp-json\/wp\/v2\/product_cat?post=15880"},{"taxonomy":"product_tag","embeddable":true,"href":"https:\/\/safeyangstore.com\/pt-pt\/wp-json\/wp\/v2\/product_tag?post=15880"}],"curies":[{"name":"wp","href":"https:\/\/api.w.org\/{rel}","templated":true}]}}